{"id":25,"date":"2021-03-05T07:56:33","date_gmt":"2021-03-05T07:56:33","guid":{"rendered":"http:\/\/cimalink.eu\/blog\/?page_id=25"},"modified":"2021-03-05T11:04:06","modified_gmt":"2021-03-05T09:04:06","slug":"software","status":"publish","type":"page","link":"https:\/\/cimalink.eu\/blog\/software\/","title":{"rendered":"Software"},"content":{"rendered":"<ul class=\"wp-block-latest-posts__list wp-block-latest-posts\"><li><a class=\"wp-block-latest-posts__post-title\" href=\"https:\/\/cimalink.eu\/blog\/run-dwagent-on-mac\/\">run dwagent on MAC<\/a><div class=\"wp-block-latest-posts__post-excerpt\">To install downloaded dmg. Hold control key and click on file. A menu opens, click on run Once DMG mounted, do the same on dwagent file Agree at the diferent\u2026 <a class=\"wp-block-latest-posts__read-more\" href=\"https:\/\/cimalink.eu\/blog\/run-dwagent-on-mac\/\" rel=\"noopener noreferrer\">Read more<span class=\"screen-reader-text\">: run dwagent on MAC<\/span><\/a><\/div><\/li>\n<li><a class=\"wp-block-latest-posts__post-title\" href=\"https:\/\/cimalink.eu\/blog\/logiciels-pour-savoir-ce-qui-prend-de-la-place-disque-windows\/\">logiciels pour savoir ce qui prend de la place disque Windows<\/a><div class=\"wp-block-latest-posts__post-excerpt\">Table des mati\u00e8res 1&nbsp;Meilleurs logiciels pour savoir ce qui prend de la place disque Windows 1.1&nbsp;Assistant de stockage Windows 10 1.2&nbsp;CCleaner 1.3&nbsp;DiskSavvy 1.4&nbsp;GetFolderSize 1.5&nbsp;Glary Disk Explorer 1.6&nbsp;HDGraph 1.7&nbsp;JDiskReport 1.8&nbsp;SpaceSniffer 1.9&nbsp;RidNacs\u2026 <a class=\"wp-block-latest-posts__read-more\" href=\"https:\/\/cimalink.eu\/blog\/logiciels-pour-savoir-ce-qui-prend-de-la-place-disque-windows\/\" rel=\"noopener noreferrer\">Read more<span class=\"screen-reader-text\">: logiciels pour savoir ce qui prend de la place disque Windows<\/span><\/a><\/div><\/li>\n<li><a class=\"wp-block-latest-posts__post-title\" href=\"https:\/\/cimalink.eu\/blog\/comment-executer-plusieurs-instances-dun-programme-windows-10\/\">Comment ex\u00e9cuter plusieurs instances d\u2019un programme Windows 10 ?<\/a><div class=\"wp-block-latest-posts__post-excerpt\">En tant qu\u2019utilisateur de Windows, vous devrez souvent ex\u00e9cuter plusieurs instances d\u2019un m\u00eame programme. Ceux-ci doivent pouvoir fonctionner s\u00e9par\u00e9ment et, si n\u00e9cessaire, sous diff\u00e9rents comptes. Il existe plusieurs fa\u00e7ons d\u2019ex\u00e9cuter\u2026 <a class=\"wp-block-latest-posts__read-more\" href=\"https:\/\/cimalink.eu\/blog\/comment-executer-plusieurs-instances-dun-programme-windows-10\/\" rel=\"noopener noreferrer\">Read more<span class=\"screen-reader-text\">: Comment ex\u00e9cuter plusieurs instances d\u2019un programme Windows 10 ?<\/span><\/a><\/div><\/li>\n<li><a class=\"wp-block-latest-posts__post-title\" href=\"https:\/\/cimalink.eu\/blog\/importer-fichier-pst-dans-thunderbird\/\">Importer fichier pst dans thunderbird<\/a><div class=\"wp-block-latest-posts__post-excerpt\">Lors du passage \u00e0 Thunderbird, vous pouvez rencontrer des difficult\u00e9s lors de l&#8217;importation d&#8217;un fichier .pst autonome, car Thunderbird utilise \u00e0 la place des fichiers .mbox et ne reconna\u00eet pas\u2026 <a class=\"wp-block-latest-posts__read-more\" href=\"https:\/\/cimalink.eu\/blog\/importer-fichier-pst-dans-thunderbird\/\" rel=\"noopener noreferrer\">Read more<span class=\"screen-reader-text\">: Importer fichier pst dans thunderbird<\/span><\/a><\/div><\/li>\n<li><a class=\"wp-block-latest-posts__post-title\" href=\"https:\/\/cimalink.eu\/blog\/controler-un-appareil-android-a-distance\/\">Contr\u00f4ler un appareil android \u00e0 distance<\/a><div class=\"wp-block-latest-posts__post-excerpt\">AnyDesk La seule solution qui marche vraiment sans difficult\u00e9s. Il faut aussi installer le add-on et l&#8217;activer Demande d&#8217;auth \u00e0 chaque connexion \u00e0 l&#8217;appareil android Tester NoMachine https:\/\/www.nomachine.com\/ Scrcpy Scrcpy\u2026 <a class=\"wp-block-latest-posts__read-more\" href=\"https:\/\/cimalink.eu\/blog\/controler-un-appareil-android-a-distance\/\" rel=\"noopener noreferrer\">Read more<span class=\"screen-reader-text\">: Contr\u00f4ler un appareil android \u00e0 distance<\/span><\/a><\/div><\/li>\n<li><a class=\"wp-block-latest-posts__post-title\" href=\"https:\/\/cimalink.eu\/blog\/usefull-plugins-and-online-services\/\">Usefull plugins and online services<\/a><div class=\"wp-block-latest-posts__post-excerpt\">Sync.com &#8211; Like Dropbox, but secure, and 100% private. 5GB free &#8211; 8$\/month for 2TB &#8211; 10$\/month for 3TB &#8211; 15$\/month for 4TB Everything in Sync Sync makes it easy\u2026 <a class=\"wp-block-latest-posts__read-more\" href=\"https:\/\/cimalink.eu\/blog\/usefull-plugins-and-online-services\/\" rel=\"noopener noreferrer\">Read more<span class=\"screen-reader-text\">: Usefull plugins and online services<\/span><\/a><\/div><\/li>\n<li><a class=\"wp-block-latest-posts__post-title\" href=\"https:\/\/cimalink.eu\/blog\/utilitaires-gratuits-vraiment-utiles-pour-windows-10\/\">Utilitaires gratuits vraiment utiles pour Windows 10<\/a><div class=\"wp-block-latest-posts__post-excerpt\">Files: un gestionnaire de fichiers moderne &amp; complet pour Windows\u00a010 Files est un gestionnaire de fichiers pour Windows 10 qui vous permet de remplacer le gestionnaire par d\u00e9faut fourni avec\u2026 <a class=\"wp-block-latest-posts__read-more\" href=\"https:\/\/cimalink.eu\/blog\/utilitaires-gratuits-vraiment-utiles-pour-windows-10\/\" rel=\"noopener noreferrer\">Read more<span class=\"screen-reader-text\">: Utilitaires gratuits vraiment utiles pour Windows 10<\/span><\/a><\/div><\/li>\n<li><a class=\"wp-block-latest-posts__post-title\" href=\"https:\/\/cimalink.eu\/blog\/coment-optimiser-la-vitesse-de-son-site-wordpress\/\">Coment optimiser la vitesse de son site WordPress<\/a><div class=\"wp-block-latest-posts__post-excerpt\">Parfois, il peut \u00eatre d\u00e9routant d&#8217;essayer de trouver tout ce dont vous avez besoin au m\u00eame endroit. Donc, aujourd&#8217;hui, nous allons partager avec vous tout ce que nous savons sur\u2026 <a class=\"wp-block-latest-posts__read-more\" href=\"https:\/\/cimalink.eu\/blog\/coment-optimiser-la-vitesse-de-son-site-wordpress\/\" rel=\"noopener noreferrer\">Read more<span class=\"screen-reader-text\">: Coment optimiser la vitesse de son site WordPress<\/span><\/a><\/div><\/li>\n<li><a class=\"wp-block-latest-posts__post-title\" href=\"https:\/\/cimalink.eu\/blog\/create-a-multiboot-usb-from-linux\/\">Create a MultiBoot USB from Linux<\/a><div class=\"wp-block-latest-posts__post-excerpt\">I have tested: MultiSystem (\u00a0http:\/\/liveusb.info\/dotclear ) MultiBoot USB (doesn&#8217;t exist anymore) Easy2Boot ( https:\/\/www.easy2boot.com\/ ) VenToy ( https:\/\/www.ventoy.net\/en\/index.html ) For me the best and easiest solution is ventoy. What is\u2026 <a class=\"wp-block-latest-posts__read-more\" href=\"https:\/\/cimalink.eu\/blog\/create-a-multiboot-usb-from-linux\/\" rel=\"noopener noreferrer\">Read more<span class=\"screen-reader-text\">: Create a MultiBoot USB from Linux<\/span><\/a><\/div><\/li>\n<\/ul>","protected":false},"excerpt":{"rendered":"","protected":false},"author":1,"featured_media":0,"parent":0,"menu_order":0,"comment_status":"closed","ping_status":"closed","template":"","meta":{"footnotes":""},"class_list":["post-25","page","type-page","status-publish","hentry"],"_links":{"self":[{"href":"https:\/\/cimalink.eu\/blog\/wp-json\/wp\/v2\/pages\/25","targetHints":{"allow":["GET"]}}],"collection":[{"href":"https:\/\/cimalink.eu\/blog\/wp-json\/wp\/v2\/pages"}],"about":[{"href":"https:\/\/cimalink.eu\/blog\/wp-json\/wp\/v2\/types\/page"}],"author":[{"embeddable":true,"href":"https:\/\/cimalink.eu\/blog\/wp-json\/wp\/v2\/users\/1"}],"replies":[{"embeddable":true,"href":"https:\/\/cimalink.eu\/blog\/wp-json\/wp\/v2\/comments?post=25"}],"version-history":[{"count":3,"href":"https:\/\/cimalink.eu\/blog\/wp-json\/wp\/v2\/pages\/25\/revisions"}],"predecessor-version":[{"id":50,"href":"https:\/\/cimalink.eu\/blog\/wp-json\/wp\/v2\/pages\/25\/revisions\/50"}],"wp:attachment":[{"href":"https:\/\/cimalink.eu\/blog\/wp-json\/wp\/v2\/media?parent=25"}],"curies":[{"name":"wp","href":"https:\/\/api.w.org\/{rel}","templated":true}]}}