{"id":21,"date":"2021-03-05T07:56:04","date_gmt":"2021-03-05T07:56:04","guid":{"rendered":"http:\/\/cimalink.eu\/blog\/?page_id=21"},"modified":"2021-03-11T18:47:23","modified_gmt":"2021-03-11T16:47:23","slug":"linux","status":"publish","type":"page","link":"https:\/\/cimalink.eu\/blog\/linux\/","title":{"rendered":"Linux"},"content":{"rendered":"\n<p>Mainly Debian \/ Ubutu \/ Mint<\/p>\n\n\n<ul class=\"wp-block-latest-posts__list wp-block-latest-posts\"><li><a class=\"wp-block-latest-posts__post-title\" href=\"https:\/\/cimalink.eu\/blog\/comment-installer-onedrive-sur-debian-ubuntu\/\">Comment installer OneDrive sur Debian\/Ubuntu<\/a><div class=\"wp-block-latest-posts__post-excerpt\">Quelle gal\u00e8re cette installation de OneDrive sur Debian &amp; Ubuntu. Si vous venez de faire une recherche sur le web, vous avez du trouver des projets en pagaille dans tous\u2026 <a class=\"wp-block-latest-posts__read-more\" href=\"https:\/\/cimalink.eu\/blog\/comment-installer-onedrive-sur-debian-ubuntu\/\" rel=\"noopener noreferrer\">Read more<span class=\"screen-reader-text\">: Comment installer OneDrive sur Debian\/Ubuntu<\/span><\/a><\/div><\/li>\n<li><a class=\"wp-block-latest-posts__post-title\" href=\"https:\/\/cimalink.eu\/blog\/how-to-install-ioncube-loader-in-debian-and-ubuntu\/\">How to Install ionCube Loader in Debian and Ubuntu<\/a><div class=\"wp-block-latest-posts__post-excerpt\">ionCube&nbsp;loader is a PHP extension (module) that enables PHP to load files protected and encoded using&nbsp;ionCube Encoder&nbsp;software, which is mostly used in commercial software applications to protect their source code\u2026 <a class=\"wp-block-latest-posts__read-more\" href=\"https:\/\/cimalink.eu\/blog\/how-to-install-ioncube-loader-in-debian-and-ubuntu\/\" rel=\"noopener noreferrer\">Read more<span class=\"screen-reader-text\">: How to Install ionCube Loader in Debian and Ubuntu<\/span><\/a><\/div><\/li>\n<li><a class=\"wp-block-latest-posts__post-title\" href=\"https:\/\/cimalink.eu\/blog\/installing-softaculous-in-ispconfig\/\">Installing Softaculous in ISPConfig<\/a><div class=\"wp-block-latest-posts__post-excerpt\">Overview The following guide will help you on how to install Softaculous on ISPConfig. Note: Softaculous does not support Multi Server setup of ISPConfig Panel yet. Requirements Note&nbsp;: Please allow\u2026 <a class=\"wp-block-latest-posts__read-more\" href=\"https:\/\/cimalink.eu\/blog\/installing-softaculous-in-ispconfig\/\" rel=\"noopener noreferrer\">Read more<span class=\"screen-reader-text\">: Installing Softaculous in ISPConfig<\/span><\/a><\/div><\/li>\n<li><a class=\"wp-block-latest-posts__post-title\" href=\"https:\/\/cimalink.eu\/blog\/dovecot-missing-dh-pem-for-ssl-communication\/\">dovecot missing dh.pem for ssl communication<\/a><div class=\"wp-block-latest-posts__post-excerpt\">When updating dovecot, my ssl configuration stopped working because ssl_dh parameter was missing in \/etc\/dovecot\/conf.d\/10-ssl.conf.I had to generate dh.pem and add it to 10-ssl.conf myself. Update has broken Dovecot config,\u2026 <a class=\"wp-block-latest-posts__read-more\" href=\"https:\/\/cimalink.eu\/blog\/dovecot-missing-dh-pem-for-ssl-communication\/\" rel=\"noopener noreferrer\">Read more<span class=\"screen-reader-text\">: dovecot missing dh.pem for ssl communication<\/span><\/a><\/div><\/li>\n<li><a class=\"wp-block-latest-posts__post-title\" href=\"https:\/\/cimalink.eu\/blog\/mount-dropbox-as-network-drive-under-linux\/\">Mount dropbox as network drive under linux<\/a><div class=\"wp-block-latest-posts__post-excerpt\">First install python3 and python3-pip Check if python3 is installed: python3 &#8211;version If not install python3: apt install python3-pip Install python3-pip apt install python3-pip Check if pip3 is installed: pip3\u2026 <a class=\"wp-block-latest-posts__read-more\" href=\"https:\/\/cimalink.eu\/blog\/mount-dropbox-as-network-drive-under-linux\/\" rel=\"noopener noreferrer\">Read more<span class=\"screen-reader-text\">: Mount dropbox as network drive under linux<\/span><\/a><\/div><\/li>\n<li><a class=\"wp-block-latest-posts__post-title\" href=\"https:\/\/cimalink.eu\/blog\/linux-mint-retrouver-le-reglage-de-la-luminosite-avec-les-touches-fn\/\">Linux Mint : Retrouver le r\u00e9glage de la luminosit\u00e9 avec les touches Fn<\/a><div class=\"wp-block-latest-posts__post-excerpt\">La luminosit\u00e9 de mon \u00e9cran est bloqu\u00e9e et que les touches de r\u00e9glage de la luminosit\u00e9 Fn+F5 et Fn+F6 ne r\u00e9agissent plus. Apr\u00e8s avoir farfouill\u00e9 sur le web, j\u2019ai trouv\u00e9\u2026 <a class=\"wp-block-latest-posts__read-more\" href=\"https:\/\/cimalink.eu\/blog\/linux-mint-retrouver-le-reglage-de-la-luminosite-avec-les-touches-fn\/\" rel=\"noopener noreferrer\">Read more<span class=\"screen-reader-text\">: Linux Mint : Retrouver le r\u00e9glage de la luminosit\u00e9 avec les touches Fn<\/span><\/a><\/div><\/li>\n<li><a class=\"wp-block-latest-posts__post-title\" href=\"https:\/\/cimalink.eu\/blog\/ispconfig-3-2-on-debian-10-buster\/\">ISPConfig 3.2 on debian 10 Buster<\/a><div class=\"wp-block-latest-posts__post-excerpt\">juste \u00e0 suivre l&#8217;excellent tuto: The Perfect Server &#8211; Debian 10 (Buster) with Apache, BIND, Dovecot, PureFTPD and ISPConfig 3.2 pour le clustering suivre le tuto ici m\u00eame si c&#8217;est\u2026 <a class=\"wp-block-latest-posts__read-more\" href=\"https:\/\/cimalink.eu\/blog\/ispconfig-3-2-on-debian-10-buster\/\" rel=\"noopener noreferrer\">Read more<span class=\"screen-reader-text\">: ISPConfig 3.2 on debian 10 Buster<\/span><\/a><\/div><\/li>\n<li><a class=\"wp-block-latest-posts__post-title\" href=\"https:\/\/cimalink.eu\/blog\/serveurs-debian-en-mirroir-mirroring\/\">Serveurs debian en mirroir (mirroring)<\/a><div class=\"wp-block-latest-posts__post-excerpt\">pour r\u00e9pliquer un serveur il faut 1 &#8211; les programmes, si tu installe tout grace \u00e0 un gestionnaire de paquets (dpkg, apt, aptitude \u2026) recup\u00e8re le r\u00e9sultat de la commande\u2026 <a class=\"wp-block-latest-posts__read-more\" href=\"https:\/\/cimalink.eu\/blog\/serveurs-debian-en-mirroir-mirroring\/\" rel=\"noopener noreferrer\">Read more<span class=\"screen-reader-text\">: Serveurs debian en mirroir (mirroring)<\/span><\/a><\/div><\/li>\n<li><a class=\"wp-block-latest-posts__post-title\" href=\"https:\/\/cimalink.eu\/blog\/mise-en-place-dune-synchro-entre-deux-serveurs-avec-certificat\/\">Mise en place d\u2019une synchro entre deux serveurs avec certificat<\/a><div class=\"wp-block-latest-posts__post-excerpt\">A: pr\u00e9paration des 2 serveurs 1: G\u00e9n\u00e9ration de 2 cl\u00e9s(priv\u00e9\/public) sur le serveur ma\u00eetre dans une console en tant que root: #sshkeygen -t rsa (valid\u00e9 tout par d\u00e9faut) #cd&nbsp; \/root\/.ssh\/\u2026 <a class=\"wp-block-latest-posts__read-more\" href=\"https:\/\/cimalink.eu\/blog\/mise-en-place-dune-synchro-entre-deux-serveurs-avec-certificat\/\" rel=\"noopener noreferrer\">Read more<span class=\"screen-reader-text\">: Mise en place d\u2019une synchro entre deux serveurs avec certificat<\/span><\/a><\/div><\/li>\n<li><a class=\"wp-block-latest-posts__post-title\" href=\"https:\/\/cimalink.eu\/blog\/coment-optimiser-la-vitesse-de-son-site-wordpress\/\">Coment optimiser la vitesse de son site WordPress<\/a><div class=\"wp-block-latest-posts__post-excerpt\">Parfois, il peut \u00eatre d\u00e9routant d&#8217;essayer de trouver tout ce dont vous avez besoin au m\u00eame endroit. Donc, aujourd&#8217;hui, nous allons partager avec vous tout ce que nous savons sur\u2026 <a class=\"wp-block-latest-posts__read-more\" href=\"https:\/\/cimalink.eu\/blog\/coment-optimiser-la-vitesse-de-son-site-wordpress\/\" rel=\"noopener noreferrer\">Read more<span class=\"screen-reader-text\">: Coment optimiser la vitesse de son site WordPress<\/span><\/a><\/div><\/li>\n<\/ul>","protected":false},"excerpt":{"rendered":"<p>Mainly Debian \/ Ubutu \/ Mint<\/p>\n","protected":false},"author":1,"featured_media":82,"parent":0,"menu_order":0,"comment_status":"closed","ping_status":"closed","template":"","meta":{"footnotes":""},"class_list":["post-21","page","type-page","status-publish","has-post-thumbnail","hentry"],"_links":{"self":[{"href":"https:\/\/cimalink.eu\/blog\/wp-json\/wp\/v2\/pages\/21","targetHints":{"allow":["GET"]}}],"collection":[{"href":"https:\/\/cimalink.eu\/blog\/wp-json\/wp\/v2\/pages"}],"about":[{"href":"https:\/\/cimalink.eu\/blog\/wp-json\/wp\/v2\/types\/page"}],"author":[{"embeddable":true,"href":"https:\/\/cimalink.eu\/blog\/wp-json\/wp\/v2\/users\/1"}],"replies":[{"embeddable":true,"href":"https:\/\/cimalink.eu\/blog\/wp-json\/wp\/v2\/comments?post=21"}],"version-history":[{"count":3,"href":"https:\/\/cimalink.eu\/blog\/wp-json\/wp\/v2\/pages\/21\/revisions"}],"predecessor-version":[{"id":48,"href":"https:\/\/cimalink.eu\/blog\/wp-json\/wp\/v2\/pages\/21\/revisions\/48"}],"wp:featuredmedia":[{"embeddable":true,"href":"https:\/\/cimalink.eu\/blog\/wp-json\/wp\/v2\/media\/82"}],"wp:attachment":[{"href":"https:\/\/cimalink.eu\/blog\/wp-json\/wp\/v2\/media?parent=21"}],"curies":[{"name":"wp","href":"https:\/\/api.w.org\/{rel}","templated":true}]}}