{"id":19,"date":"2021-03-05T07:55:34","date_gmt":"2021-03-05T07:55:34","guid":{"rendered":"http:\/\/cimalink.eu\/blog\/?page_id=19"},"modified":"2021-03-11T18:48:04","modified_gmt":"2021-03-11T16:48:04","slug":"windows","status":"publish","type":"page","link":"https:\/\/cimalink.eu\/blog\/windows\/","title":{"rendered":"Windows"},"content":{"rendered":"\n<p>Articles about Windows<\/p>\n\n\n<ul class=\"wp-block-latest-posts__list wp-block-latest-posts\"><li><a class=\"wp-block-latest-posts__post-title\" href=\"https:\/\/cimalink.eu\/blog\/assistance-rapide\/\">Assistance Rapide<\/a><div class=\"wp-block-latest-posts__post-excerpt\">Voici un mini-tutoriel pour expliquer comment utiliser l&#8217;Assistance Rapide, afin de simplifier la prise en main \u00e0 distance. \u00c9tape 1 : Support Si vous avez besoin d&#8217;assistance, le support vous\u2026 <a class=\"wp-block-latest-posts__read-more\" href=\"https:\/\/cimalink.eu\/blog\/assistance-rapide\/\" rel=\"noopener noreferrer\">Read more<span class=\"screen-reader-text\">: Assistance Rapide<\/span><\/a><\/div><\/li>\n<li><a class=\"wp-block-latest-posts__post-title\" href=\"https:\/\/cimalink.eu\/blog\/changer-le-nom-du-dossier-de-profil-utilisateur-dans-windows-10-11\/\">Changer le nom du dossier de profil utilisateur dans Windows 10\/11<\/a><div class=\"wp-block-latest-posts__post-excerpt\">Lorsque vous cr\u00e9ez un\u00a0nouveau compte utilisateur dans Windows 11, le syst\u00e8me d\u2019exploitation cr\u00e9\u00e9 automatiquement un nouveau dossier de profil utilisateur dans le r\u00e9pertoire\u00a0C:\\Users\u00a0ou\u00a0C:\\Utilisateurs. Cependant, il arrive parfois que nom attribu\u00e9\u2026 <a class=\"wp-block-latest-posts__read-more\" href=\"https:\/\/cimalink.eu\/blog\/changer-le-nom-du-dossier-de-profil-utilisateur-dans-windows-10-11\/\" rel=\"noopener noreferrer\">Read more<span class=\"screen-reader-text\">: Changer le nom du dossier de profil utilisateur dans Windows 10\/11<\/span><\/a><\/div><\/li>\n<li><a class=\"wp-block-latest-posts__post-title\" href=\"https:\/\/cimalink.eu\/blog\/deplacer-le-dossier-appdata\/\">D\u00e9placer le dossier AppData<\/a><div class=\"wp-block-latest-posts__post-excerpt\">Le dossier&nbsp;AppData&nbsp;sous Windows 10 contient trois sous-dossiers :&nbsp;Local,&nbsp;LocalLow&nbsp;et&nbsp;Roaming. Ces dossiers contiennent d\u2019autres dossiers cr\u00e9\u00e9s par les applications. Les applications s\u2019installent sur le lecteur C: ou \u00e0 un autre emplacement de\u2026 <a class=\"wp-block-latest-posts__read-more\" href=\"https:\/\/cimalink.eu\/blog\/deplacer-le-dossier-appdata\/\" rel=\"noopener noreferrer\">Read more<span class=\"screen-reader-text\">: D\u00e9placer le dossier AppData<\/span><\/a><\/div><\/li>\n<li><a class=\"wp-block-latest-posts__post-title\" href=\"https:\/\/cimalink.eu\/blog\/logiciels-pour-savoir-ce-qui-prend-de-la-place-disque-windows\/\">logiciels pour savoir ce qui prend de la place disque Windows<\/a><div class=\"wp-block-latest-posts__post-excerpt\">Table des mati\u00e8res 1&nbsp;Meilleurs logiciels pour savoir ce qui prend de la place disque Windows 1.1&nbsp;Assistant de stockage Windows 10 1.2&nbsp;CCleaner 1.3&nbsp;DiskSavvy 1.4&nbsp;GetFolderSize 1.5&nbsp;Glary Disk Explorer 1.6&nbsp;HDGraph 1.7&nbsp;JDiskReport 1.8&nbsp;SpaceSniffer 1.9&nbsp;RidNacs\u2026 <a class=\"wp-block-latest-posts__read-more\" href=\"https:\/\/cimalink.eu\/blog\/logiciels-pour-savoir-ce-qui-prend-de-la-place-disque-windows\/\" rel=\"noopener noreferrer\">Read more<span class=\"screen-reader-text\">: logiciels pour savoir ce qui prend de la place disque Windows<\/span><\/a><\/div><\/li>\n<li><a class=\"wp-block-latest-posts__post-title\" href=\"https:\/\/cimalink.eu\/blog\/comment-executer-plusieurs-instances-dun-programme-windows-10\/\">Comment ex\u00e9cuter plusieurs instances d\u2019un programme Windows 10 ?<\/a><div class=\"wp-block-latest-posts__post-excerpt\">En tant qu\u2019utilisateur de Windows, vous devrez souvent ex\u00e9cuter plusieurs instances d\u2019un m\u00eame programme. Ceux-ci doivent pouvoir fonctionner s\u00e9par\u00e9ment et, si n\u00e9cessaire, sous diff\u00e9rents comptes. Il existe plusieurs fa\u00e7ons d\u2019ex\u00e9cuter\u2026 <a class=\"wp-block-latest-posts__read-more\" href=\"https:\/\/cimalink.eu\/blog\/comment-executer-plusieurs-instances-dun-programme-windows-10\/\" rel=\"noopener noreferrer\">Read more<span class=\"screen-reader-text\">: Comment ex\u00e9cuter plusieurs instances d\u2019un programme Windows 10 ?<\/span><\/a><\/div><\/li>\n<li><a class=\"wp-block-latest-posts__post-title\" href=\"https:\/\/cimalink.eu\/blog\/comment-activer-le-god-mode-sur-windows-11-%ef%bf%bc\/\">Comment activer le God Mode sur Windows 11 ?\ufffc<\/a><div class=\"wp-block-latest-posts__post-excerpt\">Windows 11 God Mode : quelle utilit\u00e9 ? Avant de vous montrer la proc\u00e9dure -tr\u00e8s simple et rapide- qui permet d\u2019activer le God Mode sur Windows 11, faisons un court\u2026 <a class=\"wp-block-latest-posts__read-more\" href=\"https:\/\/cimalink.eu\/blog\/comment-activer-le-god-mode-sur-windows-11-%ef%bf%bc\/\" rel=\"noopener noreferrer\">Read more<span class=\"screen-reader-text\">: Comment activer le God Mode sur Windows 11 ?\ufffc<\/span><\/a><\/div><\/li>\n<li><a class=\"wp-block-latest-posts__post-title\" href=\"https:\/\/cimalink.eu\/blog\/importer-fichier-pst-dans-thunderbird\/\">Importer fichier pst dans thunderbird<\/a><div class=\"wp-block-latest-posts__post-excerpt\">Lors du passage \u00e0 Thunderbird, vous pouvez rencontrer des difficult\u00e9s lors de l&#8217;importation d&#8217;un fichier .pst autonome, car Thunderbird utilise \u00e0 la place des fichiers .mbox et ne reconna\u00eet pas\u2026 <a class=\"wp-block-latest-posts__read-more\" href=\"https:\/\/cimalink.eu\/blog\/importer-fichier-pst-dans-thunderbird\/\" rel=\"noopener noreferrer\">Read more<span class=\"screen-reader-text\">: Importer fichier pst dans thunderbird<\/span><\/a><\/div><\/li>\n<li><a class=\"wp-block-latest-posts__post-title\" href=\"https:\/\/cimalink.eu\/blog\/how-to-hide-specific-user-accounts-from-the-sign-in-screen-on-windows-10\/\">How to hide specific user accounts from the sign-in screen on Windows 10<\/a><div class=\"wp-block-latest-posts__post-excerpt\">While the operating system doesn&#8217;t offer an option to pick which user accounts appear on the sign-in screen, you can easily hide any user from being listed by modifying the\u2026 <a class=\"wp-block-latest-posts__read-more\" href=\"https:\/\/cimalink.eu\/blog\/how-to-hide-specific-user-accounts-from-the-sign-in-screen-on-windows-10\/\" rel=\"noopener noreferrer\">Read more<span class=\"screen-reader-text\">: How to hide specific user accounts from the sign-in screen on Windows 10<\/span><\/a><\/div><\/li>\n<li><a class=\"wp-block-latest-posts__post-title\" href=\"https:\/\/cimalink.eu\/blog\/utilitaires-gratuits-vraiment-utiles-pour-windows-10\/\">Utilitaires gratuits vraiment utiles pour Windows 10<\/a><div class=\"wp-block-latest-posts__post-excerpt\">Files: un gestionnaire de fichiers moderne &amp; complet pour Windows\u00a010 Files est un gestionnaire de fichiers pour Windows 10 qui vous permet de remplacer le gestionnaire par d\u00e9faut fourni avec\u2026 <a class=\"wp-block-latest-posts__read-more\" href=\"https:\/\/cimalink.eu\/blog\/utilitaires-gratuits-vraiment-utiles-pour-windows-10\/\" rel=\"noopener noreferrer\">Read more<span class=\"screen-reader-text\">: Utilitaires gratuits vraiment utiles pour Windows 10<\/span><\/a><\/div><\/li>\n<li><a class=\"wp-block-latest-posts__post-title\" href=\"https:\/\/cimalink.eu\/blog\/coment-optimiser-la-vitesse-de-son-site-wordpress\/\">Coment optimiser la vitesse de son site WordPress<\/a><div class=\"wp-block-latest-posts__post-excerpt\">Parfois, il peut \u00eatre d\u00e9routant d&#8217;essayer de trouver tout ce dont vous avez besoin au m\u00eame endroit. Donc, aujourd&#8217;hui, nous allons partager avec vous tout ce que nous savons sur\u2026 <a class=\"wp-block-latest-posts__read-more\" href=\"https:\/\/cimalink.eu\/blog\/coment-optimiser-la-vitesse-de-son-site-wordpress\/\" rel=\"noopener noreferrer\">Read more<span class=\"screen-reader-text\">: Coment optimiser la vitesse de son site WordPress<\/span><\/a><\/div><\/li>\n<\/ul>","protected":false},"excerpt":{"rendered":"<p>Articles about Windows<\/p>\n","protected":false},"author":1,"featured_media":89,"parent":0,"menu_order":0,"comment_status":"closed","ping_status":"closed","template":"","meta":{"footnotes":""},"class_list":["post-19","page","type-page","status-publish","has-post-thumbnail","hentry"],"_links":{"self":[{"href":"https:\/\/cimalink.eu\/blog\/wp-json\/wp\/v2\/pages\/19","targetHints":{"allow":["GET"]}}],"collection":[{"href":"https:\/\/cimalink.eu\/blog\/wp-json\/wp\/v2\/pages"}],"about":[{"href":"https:\/\/cimalink.eu\/blog\/wp-json\/wp\/v2\/types\/page"}],"author":[{"embeddable":true,"href":"https:\/\/cimalink.eu\/blog\/wp-json\/wp\/v2\/users\/1"}],"replies":[{"embeddable":true,"href":"https:\/\/cimalink.eu\/blog\/wp-json\/wp\/v2\/comments?post=19"}],"version-history":[{"count":2,"href":"https:\/\/cimalink.eu\/blog\/wp-json\/wp\/v2\/pages\/19\/revisions"}],"predecessor-version":[{"id":46,"href":"https:\/\/cimalink.eu\/blog\/wp-json\/wp\/v2\/pages\/19\/revisions\/46"}],"wp:featuredmedia":[{"embeddable":true,"href":"https:\/\/cimalink.eu\/blog\/wp-json\/wp\/v2\/media\/89"}],"wp:attachment":[{"href":"https:\/\/cimalink.eu\/blog\/wp-json\/wp\/v2\/media?parent=19"}],"curies":[{"name":"wp","href":"https:\/\/api.w.org\/{rel}","templated":true}]}}